{"id":57,"date":"2024-01-23T12:33:12","date_gmt":"2024-01-23T11:33:12","guid":{"rendered":"https:\/\/servisco.host\/?page_id=57"},"modified":"2024-06-04T15:06:54","modified_gmt":"2024-06-04T13:06:54","slug":"about-us","status":"publish","type":"page","link":"https:\/\/servisco.it\/?page_id=57","title":{"rendered":"About Us"},"content":{"rendered":"\t\t<div data-elementor-type=\"wp-page\" data-elementor-id=\"57\" class=\"elementor elementor-57\" data-elementor-post-type=\"page\">\n\t\t\t\t<div class=\"elementor-element elementor-element-475a6f2f e-flex e-con-boxed e-con e-parent\" data-id=\"475a6f2f\" data-element_type=\"container\" data-settings=\"{&quot;background_background&quot;:&quot;classic&quot;}\">\n\t\t\t\t\t<div class=\"e-con-inner\">\n\t\t\t\t<div class=\"elementor-element elementor-element-ba355a0 elementor-widget elementor-widget-video\" data-id=\"ba355a0\" data-element_type=\"widget\" data-settings=\"{&quot;video_type&quot;:&quot;hosted&quot;,&quot;autoplay&quot;:&quot;yes&quot;,&quot;mute&quot;:&quot;yes&quot;,&quot;loop&quot;:&quot;yes&quot;,&quot;controls&quot;:&quot;yes&quot;}\" data-widget_type=\"video.default\">\n\t\t\t\t<div class=\"elementor-widget-container\">\n\t\t\t\t\t\t\t<div class=\"e-hosted-video elementor-wrapper elementor-open-inline\">\n\t\t\t\t\t<video class=\"elementor-video\" src=\"https:\/\/servisco.it\/wp-content\/uploads\/2024\/01\/Welcome-To-Servisco.mp4\" autoplay=\"\" loop=\"\" controls=\"\" muted=\"muted\" controlsList=\"nodownload\"><\/video>\n\t\t\t\t<\/div>\n\t\t\t\t\t\t<\/div>\n\t\t\t\t<\/div>\n\t\t\t\t\t<\/div>\n\t\t\t\t<\/div>\n\t\t<div class=\"elementor-element elementor-element-546ef0c8 e-flex e-con-boxed e-con e-parent\" data-id=\"546ef0c8\" data-element_type=\"container\">\n\t\t\t\t\t<div class=\"e-con-inner\">\n\t\t\t\t<div class=\"elementor-element elementor-element-37019db elementor-widget-divider--view-line elementor-widget elementor-widget-divider\" data-id=\"37019db\" data-element_type=\"widget\" data-widget_type=\"divider.default\">\n\t\t\t\t<div class=\"elementor-widget-container\">\n\t\t\t\t\t\t\t<div class=\"elementor-divider\">\n\t\t\t<span class=\"elementor-divider-separator\">\n\t\t\t\t\t\t<\/span>\n\t\t<\/div>\n\t\t\t\t\t\t<\/div>\n\t\t\t\t<\/div>\n\t\t\t\t<div class=\"elementor-element elementor-element-7779ef07 elementor-invisible elementor-widget elementor-widget-heading\" data-id=\"7779ef07\" data-element_type=\"widget\" data-settings=\"{&quot;_animation&quot;:&quot;fadeIn&quot;}\" data-widget_type=\"heading.default\">\n\t\t\t\t<div class=\"elementor-widget-container\">\n\t\t\t\t\t<h1 class=\"elementor-heading-title elementor-size-default\">Chi Siamo?<\/h1>\t\t\t\t<\/div>\n\t\t\t\t<\/div>\n\t\t\t\t<div class=\"elementor-element elementor-element-1474f471 elementor-widget elementor-widget-heading\" data-id=\"1474f471\" data-element_type=\"widget\" data-widget_type=\"heading.default\">\n\t\t\t\t<div class=\"elementor-widget-container\">\n\t\t\t\t\t<h5 class=\"elementor-heading-title elementor-size-default\">Servisco \u00e8 un'azienda che opera nel settore ambientale ed igienico. Garantisce un'assistenza competente, qualificata e certificata. Con oltre 40 anni di esperienza nel settore.<\/h5>\t\t\t\t<\/div>\n\t\t\t\t<\/div>\n\t\t\t\t<div class=\"elementor-element elementor-element-8386b1a elementor-invisible elementor-widget elementor-widget-heading\" data-id=\"8386b1a\" data-element_type=\"widget\" data-settings=\"{&quot;_animation&quot;:&quot;fadeIn&quot;}\" data-widget_type=\"heading.default\">\n\t\t\t\t<div class=\"elementor-widget-container\">\n\t\t\t\t\t<h1 class=\"elementor-heading-title elementor-size-default\">i professionisti del pest control<\/h1>\t\t\t\t<\/div>\n\t\t\t\t<\/div>\n\t\t\t\t<div class=\"elementor-element elementor-element-46b0985 elementor-widget elementor-widget-heading\" data-id=\"46b0985\" data-element_type=\"widget\" data-widget_type=\"heading.default\">\n\t\t\t\t<div class=\"elementor-widget-container\">\n\t\t\t\t\t<h5 class=\"elementor-heading-title elementor-size-default\">Non \u00e8 solo un motto, ma \u00e8 la nostra mission. <br>Sempre pi\u00f9 spesso i clienti ci raccontano che si sono rivolti a \"Ditte Professionali\" per i loro problemi di Pest Control e sono stati lasciati in balia degli eventi senza nessun supporto.<br><br>Per noi di Servisco il supporto e la soddisfazione del cliente sono al primo posto. Grazie al nostro protocollo di Follow Up nessuno si sentir\u00f2 pi\u00f9 abbandonato.\n<\/h5>\t\t\t\t<\/div>\n\t\t\t\t<\/div>\n\t\t\t\t\t<\/div>\n\t\t\t\t<\/div>\n\t\t<div class=\"elementor-element elementor-element-1580297 e-flex e-con-boxed e-con e-parent\" data-id=\"1580297\" data-element_type=\"container\">\n\t\t\t\t\t<div class=\"e-con-inner\">\n\t\t\t\t<div class=\"elementor-element elementor-element-8793c0f elementor-invisible elementor-widget elementor-widget-image\" data-id=\"8793c0f\" data-element_type=\"widget\" data-settings=\"{&quot;_animation&quot;:&quot;fadeIn&quot;}\" data-widget_type=\"image.default\">\n\t\t\t\t<div class=\"elementor-widget-container\">\n\t\t\t\t\t\t\t\t\t\t\t\t\t\t\t<img fetchpriority=\"high\" decoding=\"async\" width=\"1920\" height=\"1080\" src=\"https:\/\/servisco.it\/wp-content\/uploads\/2024\/06\/organigramma-servisco.webp\" class=\"attachment-full size-full wp-image-1457\" alt=\"\" srcset=\"https:\/\/servisco.it\/wp-content\/uploads\/2024\/06\/organigramma-servisco.webp 1920w, https:\/\/servisco.it\/wp-content\/uploads\/2024\/06\/organigramma-servisco-300x169.webp 300w, https:\/\/servisco.it\/wp-content\/uploads\/2024\/06\/organigramma-servisco-1024x576.webp 1024w, https:\/\/servisco.it\/wp-content\/uploads\/2024\/06\/organigramma-servisco-768x432.webp 768w, https:\/\/servisco.it\/wp-content\/uploads\/2024\/06\/organigramma-servisco-1536x864.webp 1536w\" sizes=\"(max-width: 1920px) 100vw, 1920px\" \/>\t\t\t\t\t\t\t\t\t\t\t\t\t\t\t<\/div>\n\t\t\t\t<\/div>\n\t\t\t\t\t<\/div>\n\t\t\t\t<\/div>\n\t\t\t\t<\/div>\n\t\t","protected":false},"excerpt":{"rendered":"<p>https:\/\/servisco.it\/wp-content\/uploads\/2024\/01\/Welcome-To-Servisco.mp4 Chi Siamo? Servisco \u00e8 un&#8217;azienda che opera nel settore ambientale ed igienico. Garantisce un&#8217;assistenza competente, qualificata e certificata. Con oltre 40 anni di esperienza nel settore. i professionisti del pest control Non \u00e8 solo un motto, ma \u00e8 la nostra mission. Sempre pi\u00f9 spesso i clienti ci raccontano che si sono rivolti a &#8220;Ditte [&hellip;]<\/p>\n","protected":false},"author":1,"featured_media":0,"parent":0,"menu_order":0,"comment_status":"closed","ping_status":"closed","template":"elementor_header_footer","meta":{"footnotes":""},"class_list":["post-57","page","type-page","status-publish","hentry"],"_links":{"self":[{"href":"https:\/\/servisco.it\/index.php?rest_route=\/wp\/v2\/pages\/57","targetHints":{"allow":["GET"]}}],"collection":[{"href":"https:\/\/servisco.it\/index.php?rest_route=\/wp\/v2\/pages"}],"about":[{"href":"https:\/\/servisco.it\/index.php?rest_route=\/wp\/v2\/types\/page"}],"author":[{"embeddable":true,"href":"https:\/\/servisco.it\/index.php?rest_route=\/wp\/v2\/users\/1"}],"replies":[{"embeddable":true,"href":"https:\/\/servisco.it\/index.php?rest_route=%2Fwp%2Fv2%2Fcomments&post=57"}],"version-history":[{"count":43,"href":"https:\/\/servisco.it\/index.php?rest_route=\/wp\/v2\/pages\/57\/revisions"}],"predecessor-version":[{"id":1469,"href":"https:\/\/servisco.it\/index.php?rest_route=\/wp\/v2\/pages\/57\/revisions\/1469"}],"wp:attachment":[{"href":"https:\/\/servisco.it\/index.php?rest_route=%2Fwp%2Fv2%2Fmedia&parent=57"}],"curies":[{"name":"wp","href":"https:\/\/api.w.org\/{rel}","templated":true}]}}