{"id":66,"date":"2024-01-23T12:33:14","date_gmt":"2024-01-23T11:33:14","guid":{"rendered":"https:\/\/servisco.host\/?page_id=66"},"modified":"2025-04-18T10:20:45","modified_gmt":"2025-04-18T08:20:45","slug":"services","status":"publish","type":"page","link":"https:\/\/servisco.it\/?page_id=66","title":{"rendered":"Services"},"content":{"rendered":"\t\t<div data-elementor-type=\"wp-page\" data-elementor-id=\"66\" class=\"elementor elementor-66\" data-elementor-post-type=\"page\">\n\t\t\t\t<div class=\"elementor-element elementor-element-3bb41793 e-flex e-con-boxed e-con e-parent\" data-id=\"3bb41793\" data-element_type=\"container\" data-e-type=\"container\" data-settings=\"{&quot;background_background&quot;:&quot;slideshow&quot;,&quot;background_slideshow_gallery&quot;:[{&quot;id&quot;:1430,&quot;url&quot;:&quot;https:\\\/\\\/servisco.it\\\/wp-content\\\/uploads\\\/2024\\\/04\\\/1.png&quot;},{&quot;id&quot;:1431,&quot;url&quot;:&quot;https:\\\/\\\/servisco.it\\\/wp-content\\\/uploads\\\/2024\\\/04\\\/2.png&quot;},{&quot;id&quot;:1432,&quot;url&quot;:&quot;https:\\\/\\\/servisco.it\\\/wp-content\\\/uploads\\\/2024\\\/04\\\/3.png&quot;}],&quot;background_slideshow_loop&quot;:&quot;yes&quot;,&quot;background_slideshow_slide_duration&quot;:5000,&quot;background_slideshow_slide_transition&quot;:&quot;fade&quot;,&quot;background_slideshow_transition_duration&quot;:500}\">\n\t\t\t\t\t<div class=\"e-con-inner\">\n\t\t\t\t<div class=\"elementor-element elementor-element-4674f152 elementor-invisible elementor-widget elementor-widget-heading\" data-id=\"4674f152\" data-element_type=\"widget\" data-e-type=\"widget\" data-settings=\"{&quot;_animation&quot;:&quot;fadeIn&quot;}\" data-widget_type=\"heading.default\">\n\t\t\t\t<div class=\"elementor-widget-container\">\n\t\t\t\t\t<h1 class=\"elementor-heading-title elementor-size-default\">i nostri servizi <\/h1>\t\t\t\t<\/div>\n\t\t\t\t<\/div>\n\t\t\t\t<div class=\"elementor-element elementor-element-de383f0 elementor-widget elementor-widget-heading\" data-id=\"de383f0\" data-element_type=\"widget\" data-e-type=\"widget\" data-widget_type=\"heading.default\">\n\t\t\t\t<div class=\"elementor-widget-container\">\n\t\t\t\t\t<h5 class=\"elementor-heading-title elementor-size-default\">Operiamo Settimanalmente da Ventimiglia a Genova. Ogni intervento viene eseguito nel rispetto delle necessit\u00e0 del cliente.<\/h5>\t\t\t\t<\/div>\n\t\t\t\t<\/div>\n\t\t\t\t\t<\/div>\n\t\t\t\t<\/div>\n\t\t<div class=\"elementor-element elementor-element-2d137094 e-flex e-con-boxed e-con e-parent\" data-id=\"2d137094\" data-element_type=\"container\" data-e-type=\"container\" data-settings=\"{&quot;background_background&quot;:&quot;classic&quot;}\">\n\t\t\t\t\t<div class=\"e-con-inner\">\n\t\t<div class=\"elementor-element elementor-element-3e3cdba3 e-con-full e-flex e-con e-child\" data-id=\"3e3cdba3\" data-element_type=\"container\" data-e-type=\"container\">\n\t\t\t\t<div class=\"elementor-element elementor-element-3e3531af elementor-widget elementor-widget-heading\" data-id=\"3e3531af\" data-element_type=\"widget\" data-e-type=\"widget\" data-widget_type=\"heading.default\">\n\t\t\t\t<div class=\"elementor-widget-container\">\n\t\t\t\t\t<h2 class=\"elementor-heading-title elementor-size-default\">derattizzazione<\/h2>\t\t\t\t<\/div>\n\t\t\t\t<\/div>\n\t\t\t\t<div class=\"elementor-element elementor-element-5e60caed elementor-widget elementor-widget-text-editor\" data-id=\"5e60caed\" data-element_type=\"widget\" data-e-type=\"widget\" data-widget_type=\"text-editor.default\">\n\t\t\t\t<div class=\"elementor-widget-container\">\n\t\t\t\t\t\t\t\t\t<p>La Servisco opera\u00a0<span class=\"zn-fontweight\">trattamenti di disinfestazione\u00a0<\/span><span class=\"zn-fontweight\">utilizzando solo<\/span>\u00a0ed esclusivamente\u00a0<span class=\"zn-fontweight\">prodotti<\/span>\u00a0di nuova generazione,\u00a0<span class=\"zn-fontweight\">Green e rispettosi dell&#8217;ambiente<\/span>.<\/p><p>Forniamo sempre una\u00a0<span class=\"zn-fontweight\">consulenza continua<\/span>\u00a0al cliente per gli eventuali lavori necessari per la messa in sicurezza della struttura da disinfestare.<\/p><p>I topi sono un\u00a0<strong>veicolo di infezioni<\/strong>\u00a0e\u00a0<strong>malattie<\/strong>\u00a0anche\u00a0<strong>mortali<\/strong>, non solo per contatto diretto, ma anche attraverso alimenti ed aria contaminati e sono presenti sul territorio ovunque a centinaia di migliaia, non solo nelle fognature, e non hanno alcun timore n\u00e9 dei rumori della citt\u00e0 n\u00e9 delle persone.<\/p>\t\t\t\t\t\t\t\t<\/div>\n\t\t\t\t<\/div>\n\t\t\t\t<div class=\"elementor-element elementor-element-4e3d823 elementor-button-info elementor-align-center elementor-widget elementor-widget-button\" data-id=\"4e3d823\" data-element_type=\"widget\" data-e-type=\"widget\" data-widget_type=\"button.default\">\n\t\t\t\t<div class=\"elementor-widget-container\">\n\t\t\t\t\t\t\t\t\t<div class=\"elementor-button-wrapper\">\n\t\t\t\t\t<a class=\"elementor-button elementor-button-link elementor-size-sm\" href=\"https:\/\/servisco.it\/?p=874\" target=\"_blank\">\n\t\t\t\t\t\t<span class=\"elementor-button-content-wrapper\">\n\t\t\t\t\t\t\t\t\t<span class=\"elementor-button-text\">Scopri di Pi\u00f9<\/span>\n\t\t\t\t\t<\/span>\n\t\t\t\t\t<\/a>\n\t\t\t\t<\/div>\n\t\t\t\t\t\t\t\t<\/div>\n\t\t\t\t<\/div>\n\t\t\t\t<\/div>\n\t\t<div class=\"elementor-element elementor-element-120e57f3 e-con-full e-flex e-con e-child\" data-id=\"120e57f3\" data-element_type=\"container\" data-e-type=\"container\">\n\t\t\t\t<div class=\"elementor-element elementor-element-20e02c42 elementor-widget elementor-widget-image\" data-id=\"20e02c42\" data-element_type=\"widget\" data-e-type=\"widget\" data-widget_type=\"image.default\">\n\t\t\t\t<div class=\"elementor-widget-container\">\n\t\t\t\t\t\t\t\t\t\t\t\t\t\t\t<img fetchpriority=\"high\" decoding=\"async\" width=\"800\" height=\"359\" src=\"https:\/\/servisco.it\/wp-content\/uploads\/2024\/01\/Postazione-1024x460.webp\" class=\"attachment-large size-large wp-image-198\" alt=\"\" srcset=\"https:\/\/servisco.it\/wp-content\/uploads\/2024\/01\/Postazione-1024x460.webp 1024w, https:\/\/servisco.it\/wp-content\/uploads\/2024\/01\/Postazione-300x135.webp 300w, https:\/\/servisco.it\/wp-content\/uploads\/2024\/01\/Postazione-768x345.webp 768w, https:\/\/servisco.it\/wp-content\/uploads\/2024\/01\/Postazione-1536x690.webp 1536w, https:\/\/servisco.it\/wp-content\/uploads\/2024\/01\/Postazione.webp 1920w\" sizes=\"(max-width: 800px) 100vw, 800px\" \/>\t\t\t\t\t\t\t\t\t\t\t\t\t\t\t<\/div>\n\t\t\t\t<\/div>\n\t\t\t\t<\/div>\n\t\t\t\t\t<\/div>\n\t\t\t\t<\/div>\n\t\t<div class=\"elementor-element elementor-element-443577a8 e-flex e-con-boxed e-con e-parent\" data-id=\"443577a8\" data-element_type=\"container\" data-e-type=\"container\" data-settings=\"{&quot;background_background&quot;:&quot;classic&quot;}\">\n\t\t\t\t\t<div class=\"e-con-inner\">\n\t\t<div class=\"elementor-element elementor-element-55bda7d9 e-con-full e-flex e-con e-child\" data-id=\"55bda7d9\" data-element_type=\"container\" data-e-type=\"container\">\n\t\t\t\t<div class=\"elementor-element elementor-element-2b142c67 elementor-widget elementor-widget-image\" data-id=\"2b142c67\" data-element_type=\"widget\" data-e-type=\"widget\" data-widget_type=\"image.default\">\n\t\t\t\t<div class=\"elementor-widget-container\">\n\t\t\t\t\t\t\t\t\t\t\t\t\t\t\t<img decoding=\"async\" width=\"800\" height=\"564\" src=\"https:\/\/servisco.it\/wp-content\/uploads\/2024\/01\/Trappit-Fuochista-1024x722.webp\" class=\"attachment-large size-large wp-image-199\" alt=\"\" srcset=\"https:\/\/servisco.it\/wp-content\/uploads\/2024\/01\/Trappit-Fuochista-1024x722.webp 1024w, https:\/\/servisco.it\/wp-content\/uploads\/2024\/01\/Trappit-Fuochista-300x212.webp 300w, https:\/\/servisco.it\/wp-content\/uploads\/2024\/01\/Trappit-Fuochista-768x542.webp 768w, https:\/\/servisco.it\/wp-content\/uploads\/2024\/01\/Trappit-Fuochista.webp 1304w\" sizes=\"(max-width: 800px) 100vw, 800px\" \/>\t\t\t\t\t\t\t\t\t\t\t\t\t\t\t<\/div>\n\t\t\t\t<\/div>\n\t\t\t\t<\/div>\n\t\t<div class=\"elementor-element elementor-element-36e70d0b e-con-full e-flex e-con e-child\" data-id=\"36e70d0b\" data-element_type=\"container\" data-e-type=\"container\">\n\t\t\t\t<div class=\"elementor-element elementor-element-2aee5387 elementor-widget elementor-widget-heading\" data-id=\"2aee5387\" data-element_type=\"widget\" data-e-type=\"widget\" data-widget_type=\"heading.default\">\n\t\t\t\t<div class=\"elementor-widget-container\">\n\t\t\t\t\t<h2 class=\"elementor-heading-title elementor-size-default\">Disinfestazione blatte<\/h2>\t\t\t\t<\/div>\n\t\t\t\t<\/div>\n\t\t\t\t<div class=\"elementor-element elementor-element-37503f83 elementor-widget elementor-widget-text-editor\" data-id=\"37503f83\" data-element_type=\"widget\" data-e-type=\"widget\" data-widget_type=\"text-editor.default\">\n\t\t\t\t<div class=\"elementor-widget-container\">\n\t\t\t\t\t\t\t\t\t<p>Operiamo trattamenti di disinfestazione <span class=\"zn-fontweight\">utilizzando solo<\/span>\u00a0ed esclusivamente\u00a0<span class=\"zn-fontweight\">prodotti<\/span>\u00a0di nuova generazione,\u00a0<span class=\"zn-fontweight\">non tossici per l\u2019uomo e senza allergeni<\/span>\u00a0per evitare contaminazioni.<\/p><p>I nostri interventi non sono\u00a0<span class=\"zn-fontweight\">invasivi<\/span>\u00a0ed \u00e8 possibile anche\u00a0<span class=\"zn-fontweight\">continuare a lavorare<\/span>\u00a0in presenza del nostro Tecnico.<\/p><p>La lotta agli infestanti, \u00e8 un\u00a0<span class=\"zn-fontweight\">problema comune<\/span>\u00a0che riguarda non solo le\u00a0<span class=\"zn-fontweight\">attivit\u00e0<\/span>\u00a0ma anche i\u00a0<span class=\"zn-fontweight\">privati<\/span>: briciole, scarti di cibo e soprattutto la spazzatura \u201cumida\u201d lasciata per giorni, non fanno che favorire la proliferazione di queste specie:\u00a0<em>una goccia di latte per terra mantiene in vita una colonia di scarafaggi per una settimana.<\/em><\/p>\t\t\t\t\t\t\t\t<\/div>\n\t\t\t\t<\/div>\n\t\t\t\t<div class=\"elementor-element elementor-element-883e0e8 elementor-button-info elementor-align-center elementor-widget elementor-widget-button\" data-id=\"883e0e8\" data-element_type=\"widget\" data-e-type=\"widget\" data-widget_type=\"button.default\">\n\t\t\t\t<div class=\"elementor-widget-container\">\n\t\t\t\t\t\t\t\t\t<div class=\"elementor-button-wrapper\">\n\t\t\t\t\t<a class=\"elementor-button elementor-button-link elementor-size-sm\" href=\"https:\/\/servisco.it\/?p=1372\" target=\"_blank\">\n\t\t\t\t\t\t<span class=\"elementor-button-content-wrapper\">\n\t\t\t\t\t\t\t\t\t<span class=\"elementor-button-text\">Scopri di Pi\u00f9<\/span>\n\t\t\t\t\t<\/span>\n\t\t\t\t\t<\/a>\n\t\t\t\t<\/div>\n\t\t\t\t\t\t\t\t<\/div>\n\t\t\t\t<\/div>\n\t\t\t\t<\/div>\n\t\t\t\t\t<\/div>\n\t\t\t\t<\/div>\n\t\t<div class=\"elementor-element elementor-element-7c7b8b09 e-flex e-con-boxed e-con e-parent\" data-id=\"7c7b8b09\" data-element_type=\"container\" data-e-type=\"container\" data-settings=\"{&quot;background_background&quot;:&quot;classic&quot;}\">\n\t\t\t\t\t<div class=\"e-con-inner\">\n\t\t<div class=\"elementor-element elementor-element-634498cc e-con-full e-flex e-con e-child\" data-id=\"634498cc\" data-element_type=\"container\" data-e-type=\"container\">\n\t\t\t\t<div class=\"elementor-element elementor-element-49393d23 elementor-widget elementor-widget-heading\" data-id=\"49393d23\" data-element_type=\"widget\" data-e-type=\"widget\" data-widget_type=\"heading.default\">\n\t\t\t\t<div class=\"elementor-widget-container\">\n\t\t\t\t\t<h2 class=\"elementor-heading-title elementor-size-default\">Disinfestazione Cimici del Letto<\/h2>\t\t\t\t<\/div>\n\t\t\t\t<\/div>\n\t\t\t\t<div class=\"elementor-element elementor-element-3e8e7371 elementor-widget elementor-widget-text-editor\" data-id=\"3e8e7371\" data-element_type=\"widget\" data-e-type=\"widget\" data-widget_type=\"text-editor.default\">\n\t\t\t\t<div class=\"elementor-widget-container\">\n\t\t\t\t\t\t\t\t\t<p>Operiamo trattamenti di\u00a0<span class=\"zn-fontweight\">disinfestazione da cimici dei letti<\/span>\u00a0con\u00a0<span class=\"zn-fontweight\">vapore secco<\/span>\u00a0e se necessario, con prodotti chimici.<\/p><p>Per la lotta alle cimici dei letti la\u00a0<span class=\"zn-fontweight\">collaborazione del cliente<\/span>\u00a0\u00e8 di\u00a0<span class=\"zn-fontweight\">fondamentale<\/span>\u00a0importanza: i nostri tecnici forniscono delle\u00a0<span class=\"zn-fontweight\">indicazioni di comportamento<\/span> da seguire <span class=\"zn-fontweight\">prima<\/span>,\u00a0<span class=\"zn-fontweight\">durante<\/span>\u00a0e\u00a0<span class=\"zn-fontweight\">dopo<\/span>\u00a0i trattamenti, indicazioni che devono essere\u00a0<span class=\"zn-fontweight\">seguite<\/span>\u00a0in<span class=\"zn-fontweight\">\u00a0modo scrupoloso<\/span>\u00a0per la\u00a0<span class=\"zn-fontweight\">riuscita<\/span>\u00a0<span class=\"zn-fontweight\">dei trattamenti.<\/span><\/p>\t\t\t\t\t\t\t\t<\/div>\n\t\t\t\t<\/div>\n\t\t\t\t<div class=\"elementor-element elementor-element-22e7df1 elementor-button-info elementor-align-center elementor-widget elementor-widget-button\" data-id=\"22e7df1\" data-element_type=\"widget\" data-e-type=\"widget\" data-widget_type=\"button.default\">\n\t\t\t\t<div class=\"elementor-widget-container\">\n\t\t\t\t\t\t\t\t\t<div class=\"elementor-button-wrapper\">\n\t\t\t\t\t<a class=\"elementor-button elementor-button-link elementor-size-sm\" href=\"https:\/\/servisco.it\/?p=1384\" target=\"_blank\">\n\t\t\t\t\t\t<span class=\"elementor-button-content-wrapper\">\n\t\t\t\t\t\t\t\t\t<span class=\"elementor-button-text\">Scopri di Pi\u00f9<\/span>\n\t\t\t\t\t<\/span>\n\t\t\t\t\t<\/a>\n\t\t\t\t<\/div>\n\t\t\t\t\t\t\t\t<\/div>\n\t\t\t\t<\/div>\n\t\t\t\t<\/div>\n\t\t<div class=\"elementor-element elementor-element-1dfbcf8e e-con-full e-flex e-con e-child\" data-id=\"1dfbcf8e\" data-element_type=\"container\" data-e-type=\"container\">\n\t\t\t\t<div class=\"elementor-element elementor-element-5df17e8 elementor-widget elementor-widget-image\" data-id=\"5df17e8\" data-element_type=\"widget\" data-e-type=\"widget\" data-widget_type=\"image.default\">\n\t\t\t\t<div class=\"elementor-widget-container\">\n\t\t\t\t\t\t\t\t\t\t\t\t\t\t\t<img decoding=\"async\" width=\"800\" height=\"450\" src=\"https:\/\/servisco.it\/wp-content\/uploads\/2024\/01\/cimici-del-letto-1-1024x576.webp\" class=\"attachment-large size-large wp-image-203\" alt=\"\" srcset=\"https:\/\/servisco.it\/wp-content\/uploads\/2024\/01\/cimici-del-letto-1-1024x576.webp 1024w, https:\/\/servisco.it\/wp-content\/uploads\/2024\/01\/cimici-del-letto-1-300x169.webp 300w, https:\/\/servisco.it\/wp-content\/uploads\/2024\/01\/cimici-del-letto-1-768x432.webp 768w, https:\/\/servisco.it\/wp-content\/uploads\/2024\/01\/cimici-del-letto-1-1536x864.webp 1536w, https:\/\/servisco.it\/wp-content\/uploads\/2024\/01\/cimici-del-letto-1.webp 1920w\" sizes=\"(max-width: 800px) 100vw, 800px\" \/>\t\t\t\t\t\t\t\t\t\t\t\t\t\t\t<\/div>\n\t\t\t\t<\/div>\n\t\t\t\t<\/div>\n\t\t\t\t\t<\/div>\n\t\t\t\t<\/div>\n\t\t<div class=\"elementor-element elementor-element-4715a1a2 e-flex e-con-boxed e-con e-parent\" data-id=\"4715a1a2\" data-element_type=\"container\" data-e-type=\"container\" data-settings=\"{&quot;background_background&quot;:&quot;classic&quot;}\">\n\t\t\t\t\t<div class=\"e-con-inner\">\n\t\t<div class=\"elementor-element elementor-element-2325c394 e-con-full e-flex e-con e-child\" data-id=\"2325c394\" data-element_type=\"container\" data-e-type=\"container\">\n\t\t\t\t<div class=\"elementor-element elementor-element-5ad9678c elementor-widget elementor-widget-image\" data-id=\"5ad9678c\" data-element_type=\"widget\" data-e-type=\"widget\" data-widget_type=\"image.default\">\n\t\t\t\t<div class=\"elementor-widget-container\">\n\t\t\t\t\t\t\t\t\t\t\t\t\t\t\t<img loading=\"lazy\" decoding=\"async\" width=\"800\" height=\"450\" src=\"https:\/\/servisco.it\/wp-content\/uploads\/2024\/01\/formica-pagina-2-1024x576.webp\" class=\"attachment-large size-large wp-image-205\" alt=\"\" srcset=\"https:\/\/servisco.it\/wp-content\/uploads\/2024\/01\/formica-pagina-2-1024x576.webp 1024w, https:\/\/servisco.it\/wp-content\/uploads\/2024\/01\/formica-pagina-2-300x169.webp 300w, https:\/\/servisco.it\/wp-content\/uploads\/2024\/01\/formica-pagina-2-768x432.webp 768w, https:\/\/servisco.it\/wp-content\/uploads\/2024\/01\/formica-pagina-2-1536x864.webp 1536w, https:\/\/servisco.it\/wp-content\/uploads\/2024\/01\/formica-pagina-2.webp 1920w\" sizes=\"(max-width: 800px) 100vw, 800px\" \/>\t\t\t\t\t\t\t\t\t\t\t\t\t\t\t<\/div>\n\t\t\t\t<\/div>\n\t\t\t\t<\/div>\n\t\t<div class=\"elementor-element elementor-element-4354a18 e-con-full e-flex e-con e-child\" data-id=\"4354a18\" data-element_type=\"container\" data-e-type=\"container\">\n\t\t\t\t<div class=\"elementor-element elementor-element-54ba73ea elementor-widget elementor-widget-heading\" data-id=\"54ba73ea\" data-element_type=\"widget\" data-e-type=\"widget\" data-widget_type=\"heading.default\">\n\t\t\t\t<div class=\"elementor-widget-container\">\n\t\t\t\t\t<h2 class=\"elementor-heading-title elementor-size-default\">Disinfestazione formiche<\/h2>\t\t\t\t<\/div>\n\t\t\t\t<\/div>\n\t\t\t\t<div class=\"elementor-element elementor-element-722f39de elementor-widget elementor-widget-text-editor\" data-id=\"722f39de\" data-element_type=\"widget\" data-e-type=\"widget\" data-widget_type=\"text-editor.default\">\n\t\t\t\t<div class=\"elementor-widget-container\">\n\t\t\t\t\t\t\t\t\t<p>La lotta agli infestanti, \u00e8 un\u00a0<span class=\"zn-fontweight\">problema comune<\/span>\u00a0che riguarda non solo le\u00a0<span class=\"zn-fontweight\">attivit\u00e0<\/span>\u00a0ma anche i\u00a0<span class=\"zn-fontweight\">privati<\/span>: briciole, scarti di cibo e soprattutto la spazzatura \u201cumida\u201d lasciata per giorni, non fanno che favorire la possibilit\u00e0 di essere infestati<em>.<\/em><\/p><p>Se si \u00e8 in presenza di formiche &#8220;Carpentiere&#8221; \u00e8 fondamentale eseguire un intervento di disinfestazione prima che possano diffondersi all&#8217;interno della struttura; prima si interviene e pi\u00f9 facilmente saremo in grado di controllare il problema.<\/p><p>Il nostro\u00a0<span class=\"zn-fontweight\">consiglio<\/span>\u00a0\u00e8 di mantenere una costante\u00a0<span class=\"zn-fontweight\">attenzione<\/span>\u00a0alla presenza di formiche, mantenere gli\u00a0<span class=\"zn-fontweight\">ambienti puliti<\/span>\u00a0ed evitare di lasciare derrate alimentari aperte.<\/p>\t\t\t\t\t\t\t\t<\/div>\n\t\t\t\t<\/div>\n\t\t\t\t<div class=\"elementor-element elementor-element-d4c5e68 elementor-button-info elementor-align-center elementor-widget elementor-widget-button\" data-id=\"d4c5e68\" data-element_type=\"widget\" data-e-type=\"widget\" data-widget_type=\"button.default\">\n\t\t\t\t<div class=\"elementor-widget-container\">\n\t\t\t\t\t\t\t\t\t<div class=\"elementor-button-wrapper\">\n\t\t\t\t\t<a class=\"elementor-button elementor-button-link elementor-size-sm\" href=\"https:\/\/servisco.it\/?p=1394\" target=\"_blank\">\n\t\t\t\t\t\t<span class=\"elementor-button-content-wrapper\">\n\t\t\t\t\t\t\t\t\t<span class=\"elementor-button-text\">Scopri di Pi\u00f9<\/span>\n\t\t\t\t\t<\/span>\n\t\t\t\t\t<\/a>\n\t\t\t\t<\/div>\n\t\t\t\t\t\t\t\t<\/div>\n\t\t\t\t<\/div>\n\t\t\t\t<\/div>\n\t\t\t\t\t<\/div>\n\t\t\t\t<\/div>\n\t\t<div class=\"elementor-element elementor-element-4098e858 e-flex e-con-boxed e-con e-parent\" data-id=\"4098e858\" data-element_type=\"container\" data-e-type=\"container\" data-settings=\"{&quot;background_background&quot;:&quot;classic&quot;}\">\n\t\t\t\t\t<div class=\"e-con-inner\">\n\t\t<div class=\"elementor-element elementor-element-6eb45547 e-con-full e-flex e-con e-child\" data-id=\"6eb45547\" data-element_type=\"container\" data-e-type=\"container\">\n\t\t\t\t<div class=\"elementor-element elementor-element-6b4b05c4 elementor-widget elementor-widget-heading\" data-id=\"6b4b05c4\" data-element_type=\"widget\" data-e-type=\"widget\" data-widget_type=\"heading.default\">\n\t\t\t\t<div class=\"elementor-widget-container\">\n\t\t\t\t\t<h2 class=\"elementor-heading-title elementor-size-default\">Disinfestazione Zanzare<\/h2>\t\t\t\t<\/div>\n\t\t\t\t<\/div>\n\t\t\t\t<div class=\"elementor-element elementor-element-4f05de38 elementor-widget elementor-widget-text-editor\" data-id=\"4f05de38\" data-element_type=\"widget\" data-e-type=\"widget\" data-widget_type=\"text-editor.default\">\n\t\t\t\t<div class=\"elementor-widget-container\">\n\t\t\t\t\t\t\t\t\t<p>La lotta alle Zanzare, \u00e8 un\u00a0<span class=\"zn-fontweight\">problema comune<\/span>\u00a0che riguarda non solo le\u00a0<span class=\"zn-fontweight\">attivit\u00e0<\/span>\u00a0ma anche i\u00a0<span class=\"zn-fontweight\">privati<\/span>: sottovasi pieni di acqua, ristagni idrici in giardino, tombini non drenati e vasche per l&#8217;irrigazione non fanno che favorire la proliferazione di queste specie<em>.<br \/><\/em><\/p><p>Le Zanzare rappresentano un&#8217;importante minaccia alla salute dell&#8217;uomo e dei nostri amici a quattro zampe. Possono essere vettori di malattie, anche mortali e non vanno assolutamente sottovalutate.<\/p>\t\t\t\t\t\t\t\t<\/div>\n\t\t\t\t<\/div>\n\t\t\t\t<div class=\"elementor-element elementor-element-4a49348 elementor-button-info elementor-align-center elementor-widget elementor-widget-button\" data-id=\"4a49348\" data-element_type=\"widget\" data-e-type=\"widget\" data-widget_type=\"button.default\">\n\t\t\t\t<div class=\"elementor-widget-container\">\n\t\t\t\t\t\t\t\t\t<div class=\"elementor-button-wrapper\">\n\t\t\t\t\t<a class=\"elementor-button elementor-button-link elementor-size-sm\" href=\"https:\/\/servisco.it\/?p=1411\" target=\"_blank\">\n\t\t\t\t\t\t<span class=\"elementor-button-content-wrapper\">\n\t\t\t\t\t\t\t\t\t<span class=\"elementor-button-text\">Scopri di Pi\u00f9<\/span>\n\t\t\t\t\t<\/span>\n\t\t\t\t\t<\/a>\n\t\t\t\t<\/div>\n\t\t\t\t\t\t\t\t<\/div>\n\t\t\t\t<\/div>\n\t\t\t\t<\/div>\n\t\t<div class=\"elementor-element elementor-element-1116040e e-con-full e-flex e-con e-child\" data-id=\"1116040e\" data-element_type=\"container\" data-e-type=\"container\">\n\t\t\t\t<div class=\"elementor-element elementor-element-3ad6070d elementor-widget elementor-widget-image\" data-id=\"3ad6070d\" data-element_type=\"widget\" data-e-type=\"widget\" data-widget_type=\"image.default\">\n\t\t\t\t<div class=\"elementor-widget-container\">\n\t\t\t\t\t\t\t\t\t\t\t\t\t\t\t<img loading=\"lazy\" decoding=\"async\" width=\"800\" height=\"600\" src=\"https:\/\/servisco.it\/wp-content\/uploads\/2024\/01\/Disi-Volanti-1-1024x768.webp\" class=\"attachment-large size-large wp-image-207\" alt=\"\" srcset=\"https:\/\/servisco.it\/wp-content\/uploads\/2024\/01\/Disi-Volanti-1-1024x768.webp 1024w, https:\/\/servisco.it\/wp-content\/uploads\/2024\/01\/Disi-Volanti-1-300x225.webp 300w, https:\/\/servisco.it\/wp-content\/uploads\/2024\/01\/Disi-Volanti-1-768x576.webp 768w, https:\/\/servisco.it\/wp-content\/uploads\/2024\/01\/Disi-Volanti-1-1536x1152.webp 1536w, https:\/\/servisco.it\/wp-content\/uploads\/2024\/01\/Disi-Volanti-1.webp 1600w\" sizes=\"(max-width: 800px) 100vw, 800px\" \/>\t\t\t\t\t\t\t\t\t\t\t\t\t\t\t<\/div>\n\t\t\t\t<\/div>\n\t\t\t\t<\/div>\n\t\t\t\t\t<\/div>\n\t\t\t\t<\/div>\n\t\t<div class=\"elementor-element elementor-element-3822c4f8 e-flex e-con-boxed e-con e-parent\" data-id=\"3822c4f8\" data-element_type=\"container\" data-e-type=\"container\">\n\t\t\t\t\t<div class=\"e-con-inner\">\n\t\t\t\t<div class=\"elementor-element elementor-element-1ceecb88 elementor-cta--layout-image-left elementor-cta--valign-middle elementor-cta--mobile-layout-image-above elementor-cta--skin-classic elementor-animated-content elementor-bg-transform elementor-bg-transform-zoom-in elementor-widget elementor-widget-call-to-action\" data-id=\"1ceecb88\" data-element_type=\"widget\" data-e-type=\"widget\" data-widget_type=\"call-to-action.default\">\n\t\t\t\t<div class=\"elementor-widget-container\">\n\t\t\t\t\t\t\t<div class=\"elementor-cta\">\n\t\t\t\t\t<div class=\"elementor-cta__bg-wrapper\">\n\t\t\t\t<div class=\"elementor-cta__bg elementor-bg\" style=\"background-image: url(https:\/\/servisco.it\/wp-content\/uploads\/2024\/01\/protocollo.webp);\" role=\"img\" aria-label=\"protocollo\"><\/div>\n\t\t\t\t<div class=\"elementor-cta__bg-overlay\"><\/div>\n\t\t\t<\/div>\n\t\t\t\t\t\t\t<div class=\"elementor-cta__content\">\n\t\t\t\t\n\t\t\t\t\t\t\t\t\t<h2 class=\"elementor-cta__title elementor-cta__content-item elementor-content-item\">\n\t\t\t\t\t\til nostro protocollo\t\t\t\t\t<\/h2>\n\t\t\t\t\n\t\t\t\t\t\t\t\t\t<div class=\"elementor-cta__description elementor-cta__content-item elementor-content-item\">\n\t\t\t\t\t\tNel corso degli anni abbiamo sviluppato dei protocolli che ci permettono di affrontare qualsiasi problematica e risolverla nel pi\u00f9 breve tempo possibile.\t\t\t\t\t<\/div>\n\t\t\t\t\n\t\t\t\t\t\t\t\t\t<div class=\"elementor-cta__button-wrapper elementor-cta__content-item elementor-content-item \">\n\t\t\t\t\t<a class=\"elementor-cta__button elementor-button elementor-size-md\" href=\"https:\/\/servisco.it\/?p=1198\">\n\t\t\t\t\t\tScopri di Pi\u00f9\t\t\t\t\t<\/a>\n\t\t\t\t\t<\/div>\n\t\t\t\t\t\t\t<\/div>\n\t\t\t\t\t\t<\/div>\n\t\t\t\t\t\t<\/div>\n\t\t\t\t<\/div>\n\t\t\t\t\t<\/div>\n\t\t\t\t<\/div>\n\t\t\t\t<\/div>\n\t\t","protected":false},"excerpt":{"rendered":"<p>i nostri servizi Operiamo Settimanalmente da Ventimiglia a Genova. Ogni intervento viene eseguito nel rispetto delle necessit\u00e0 del cliente. derattizzazione La Servisco opera\u00a0trattamenti di disinfestazione\u00a0utilizzando solo\u00a0ed esclusivamente\u00a0prodotti\u00a0di nuova generazione,\u00a0Green e rispettosi dell&#8217;ambiente. Forniamo sempre una\u00a0consulenza continua\u00a0al cliente per gli eventuali lavori necessari per la messa in sicurezza della struttura da disinfestare. I topi sono un\u00a0veicolo [&hellip;]<\/p>\n","protected":false},"author":1,"featured_media":0,"parent":0,"menu_order":0,"comment_status":"closed","ping_status":"closed","template":"elementor_header_footer","meta":{"footnotes":""},"class_list":["post-66","page","type-page","status-publish","hentry"],"_links":{"self":[{"href":"https:\/\/servisco.it\/index.php?rest_route=\/wp\/v2\/pages\/66","targetHints":{"allow":["GET"]}}],"collection":[{"href":"https:\/\/servisco.it\/index.php?rest_route=\/wp\/v2\/pages"}],"about":[{"href":"https:\/\/servisco.it\/index.php?rest_route=\/wp\/v2\/types\/page"}],"author":[{"embeddable":true,"href":"https:\/\/servisco.it\/index.php?rest_route=\/wp\/v2\/users\/1"}],"replies":[{"embeddable":true,"href":"https:\/\/servisco.it\/index.php?rest_route=%2Fwp%2Fv2%2Fcomments&post=66"}],"version-history":[{"count":46,"href":"https:\/\/servisco.it\/index.php?rest_route=\/wp\/v2\/pages\/66\/revisions"}],"predecessor-version":[{"id":1882,"href":"https:\/\/servisco.it\/index.php?rest_route=\/wp\/v2\/pages\/66\/revisions\/1882"}],"wp:attachment":[{"href":"https:\/\/servisco.it\/index.php?rest_route=%2Fwp%2Fv2%2Fmedia&parent=66"}],"curies":[{"name":"wp","href":"https:\/\/api.w.org\/{rel}","templated":true}]}}